{"id":485,"date":"2021-08-25T05:55:58","date_gmt":"2021-08-25T03:55:58","guid":{"rendered":"https:\/\/drinks4all.eu\/confidentialite\/"},"modified":"2026-04-03T11:25:13","modified_gmt":"2026-04-03T09:25:13","slug":"confidentialite","status":"publish","type":"page","link":"https:\/\/drinks4all.eu\/fr\/confidentialite\/","title":{"rendered":"Confidentialit\u00e9"},"content":{"rendered":"\t\t<div data-elementor-type=\"wp-page\" data-elementor-id=\"485\" class=\"elementor elementor-485 elementor-3\" data-elementor-post-type=\"page\">\n\t\t\t\t<div class=\"elementor-element elementor-element-0a7c133 e-flex e-con-boxed e-con e-parent\" data-id=\"0a7c133\" data-element_type=\"container\" data-e-type=\"container\">\n\t\t\t\t\t<div class=\"e-con-inner\">\n\t\t\t\t<div class=\"elementor-element elementor-element-43a5360 elementor-widget elementor-widget-text-editor\" data-id=\"43a5360\" data-element_type=\"widget\" data-e-type=\"widget\" data-widget_type=\"text-editor.default\">\n\t\t\t\t<div class=\"elementor-widget-container\">\n\t\t\t\t\t\t\t\t\t<h2 data-section-id=\"1rd8hze\" data-start=\"161\" data-end=\"197\">D\u00e9claration de confidentialit\u00e9 de Drinks4ALL GmbH<\/h2><h3 data-section-id=\"1g8fmqp\" data-start=\"199\" data-end=\"218\">1. Qui sommes-nous<\/h3><p data-start=\"220\" data-end=\"340\">Drinks4ALL GmbH est responsable du traitement des donn\u00e9es \u00e0 caract\u00e8re personnel tel qu&rsquo;indiqu\u00e9 dans la pr\u00e9sente d\u00e9claration de confidentialit\u00e9.<\/p><p data-start=\"342\" data-end=\"429\"><strong data-start=\"342\" data-end=\"363\">Donn\u00e9es de l&rsquo;entreprise :<\/strong><br data-start=\"363\" data-end=\"366\">Drinks4ALL GmbH<br data-start=\"381\" data-end=\"384\">Millenerweg 51<br data-start=\"398\" data-end=\"401\">52538 Selfkant<br data-start=\"415\" data-end=\"418\">Allemagne<\/p><p data-start=\"431\" data-end=\"487\">T\u00e9l\u00e9phone : +31(0)655599922<br data-start=\"456\" data-end=\"459\">E-mail : <a class=\"decorated-link cursor-pointer\" rel=\"noopener\" data-start=\"467\" data-end=\"485\">info@drinks4all.eu<\/a><\/p><h3 data-section-id=\"1ealpq8\" data-start=\"494\" data-end=\"535\">2. Donn\u00e9es \u00e0 caract\u00e8re personnel que nous traitons<\/h3><p data-start=\"537\" data-end=\"703\">Nous traitons des donn\u00e9es \u00e0 caract\u00e8re personnel lorsque vous utilisez nos services ou lorsque vous nous les fournissez vous-m\u00eame, par exemple via le formulaire de contact ou de devis.<\/p><p data-start=\"705\" data-end=\"742\">Il peut s&rsquo;agir des donn\u00e9es suivantes :<\/p><ul data-start=\"744\" data-end=\"917\"><li data-section-id=\"1fdnleo\" data-start=\"744\" data-end=\"767\">Pr\u00e9nom et nom<\/li><li data-section-id=\"1y24p8\" data-start=\"768\" data-end=\"784\">Nom de l&rsquo;entreprise<\/li><li data-section-id=\"1yb8fgo\" data-start=\"785\" data-end=\"800\">Adresse e-mail<\/li><li data-section-id=\"1tqmrw4\" data-start=\"801\" data-end=\"819\">Num\u00e9ro de t\u00e9l\u00e9phone<\/li><li data-section-id=\"1fxpihp\" data-start=\"820\" data-end=\"832\">Adresse IP<\/li><li data-section-id=\"1pc8o52\" data-start=\"833\" data-end=\"917\">Autres donn\u00e9es que vous fournissez activement (par exemple dans un message ou une demande)<\/li><\/ul><p data-start=\"919\" data-end=\"974\">Nous nous adressons exclusivement aux clients professionnels (B2B).<\/p><h3 data-section-id=\"135652a\" data-start=\"981\" data-end=\"1032\">3. Dans quel but traitons-nous les donn\u00e9es \u00e0 caract\u00e8re personnel<\/h3><p data-start=\"1034\" data-end=\"1090\">Nous traitons vos donn\u00e9es aux fins suivantes :<\/p><ul data-start=\"1092\" data-end=\"1396\"><li data-section-id=\"6b4wli\" data-start=\"1092\" data-end=\"1143\">Le traitement des demandes de contact et de devis<\/li><li data-section-id=\"k0xh3a\" data-start=\"1144\" data-end=\"1228\">Pouvoir vous appeler ou vous envoyer un e-mail si n\u00e9cessaire pour assurer nos services<\/li><li data-section-id=\"d14nl7\" data-start=\"1229\" data-end=\"1295\">La fourniture d&rsquo;informations sur nos produits et services<\/li><li data-section-id=\"1ycvxdb\" data-start=\"1296\" data-end=\"1350\">L&rsquo;am\u00e9lioration de notre site web et de nos services<\/li><li data-section-id=\"iw87ss\" data-start=\"1351\" data-end=\"1396\">Le respect des obligations l\u00e9gales<\/li><\/ul><h3 data-section-id=\"xbcssp\" data-start=\"1403\" data-end=\"1438\">4. Sur quelle base juridique<\/h3><p data-start=\"1440\" data-end=\"1508\">Nous traitons les donn\u00e9es \u00e0 caract\u00e8re personnel sur la base des fondements suivants :<\/p><ul data-start=\"1510\" data-end=\"1739\"><li data-section-id=\"p61357\" data-start=\"1510\" data-end=\"1575\">Consentement (par exemple lors du remplissage d&rsquo;un formulaire)<\/li><li data-section-id=\"y81stk\" data-start=\"1576\" data-end=\"1636\">Ex\u00e9cution d&rsquo;un contrat ou pr\u00e9paration de celui-ci<\/li><li data-section-id=\"9mocie\" data-start=\"1637\" data-end=\"1711\">Int\u00e9r\u00eat l\u00e9gitime (tel que l&rsquo;am\u00e9lioration de nos services)<\/li><li data-section-id=\"fbs26t\" data-start=\"1712\" data-end=\"1739\">Obligation l\u00e9gale<\/li><\/ul><h3 data-section-id=\"1yh8sfj\" data-start=\"1746\" data-end=\"1781\">5. Dur\u00e9e de conservation des donn\u00e9es<\/h3><p data-start=\"1783\" data-end=\"1923\">Nous ne conservons pas vos donn\u00e9es \u00e0 caract\u00e8re personnel plus longtemps que ce qui est strictement n\u00e9cessaire pour atteindre les objectifs pour lesquels vos donn\u00e9es sont collect\u00e9es.<\/p><p data-start=\"1925\" data-end=\"2117\">En principe, nous conservons les donn\u00e9es de contact et de demande pendant une dur\u00e9e maximale de 2 ans apr\u00e8s le dernier contact, \u00e0 moins qu&rsquo;une relation commerciale ne s&rsquo;\u00e9tablisse. Dans ce cas, les d\u00e9lais de conservation l\u00e9gaux s&rsquo;appliquent. <\/p><h3 data-section-id=\"1sy8kee\" data-start=\"2124\" data-end=\"2168\">6. Partage de donn\u00e9es \u00e0 caract\u00e8re personnel avec des tiers<\/h3><p data-start=\"2170\" data-end=\"2326\">Nous ne partageons vos donn\u00e9es avec des tiers que lorsque cela est n\u00e9cessaire pour l&rsquo;ex\u00e9cution de nos services ou pour nous conformer \u00e0 une obligation l\u00e9gale.<\/p><p data-start=\"2328\" data-end=\"2357\">Cela peut concerner, entre autres :<\/p><ul data-start=\"2359\" data-end=\"2448\"><li data-section-id=\"b3fxcn\" data-start=\"2359\" data-end=\"2378\">Les h\u00e9bergeurs<\/li><li data-section-id=\"1yfng55\" data-start=\"2379\" data-end=\"2415\">Les fournisseurs d&rsquo;e-mail et de communication<\/li><li data-section-id=\"1rkho9j\" data-start=\"2416\" data-end=\"2448\">Les outils d&rsquo;analyse et de marketing<\/li><\/ul><p data-start=\"2450\" data-end=\"2616\">Nous concluons des accords de traitement avec les parties qui traitent vos donn\u00e9es pour notre compte afin de garantir un m\u00eame niveau de s\u00e9curit\u00e9 et de confidentialit\u00e9.<\/p><h3 data-section-id=\"1hvbqlk\" data-start=\"2623\" data-end=\"2665\">7. Cookies et techniques similaires<\/h3><p data-start=\"2667\" data-end=\"2734\">Notre site web utilise des cookies et des techniques similaires.<\/p><p data-start=\"2736\" data-end=\"2763\">Nous utilisons des cookies pour :<\/p><ul data-start=\"2765\" data-end=\"2891\"><li data-section-id=\"b5620n\" data-start=\"2765\" data-end=\"2811\">Le bon fonctionnement du site web<\/li><li data-section-id=\"12lb3nm\" data-start=\"2812\" data-end=\"2849\">L&rsquo;analyse de l&rsquo;utilisation du site web<\/li><li data-section-id=\"yn4d11\" data-start=\"2850\" data-end=\"2891\">L&rsquo;am\u00e9lioration de l&rsquo;exp\u00e9rience utilisateur<\/li><\/ul><p data-start=\"2893\" data-end=\"2994\">Le cas \u00e9ch\u00e9ant, nous demandons votre consentement pr\u00e9alable pour le placement de cookies non n\u00e9cessaires.<\/p><h3 data-section-id=\"1xtqdx9\" data-start=\"3001\" data-end=\"3049\">8. Consulter, modifier ou supprimer des donn\u00e9es<\/h3><p data-start=\"3051\" data-end=\"3072\">Vous avez le droit de :<\/p><ul data-start=\"3074\" data-end=\"3255\"><li data-section-id=\"hh7wfi\" data-start=\"3074\" data-end=\"3108\">Consulter vos donn\u00e9es \u00e0 caract\u00e8re personnel<\/li><li data-section-id=\"13r0tro\" data-start=\"3109\" data-end=\"3144\">Faire rectifier vos donn\u00e9es<\/li><li data-section-id=\"1ybdhs7\" data-start=\"3145\" data-end=\"3181\">Faire supprimer vos donn\u00e9es<\/li><li data-section-id=\"8fvh51\" data-start=\"3182\" data-end=\"3214\">Retirer votre consentement<\/li><li data-section-id=\"feicbf\" data-start=\"3215\" data-end=\"3255\">Vous opposer au traitement<\/li><\/ul><p data-start=\"3257\" data-end=\"3310\">Vous pouvez envoyer une demande \u00e0 : <a class=\"decorated-link cursor-pointer\" rel=\"noopener\" data-start=\"3290\" data-end=\"3308\">info@drinks4all.eu<\/a><\/p><p data-start=\"3312\" data-end=\"3374\">Nous r\u00e9pondrons dans les plus brefs d\u00e9lais, et au plus tard sous 30 jours.<\/p><h3 data-section-id=\"1egkkfk\" data-start=\"3381\" data-end=\"3420\">9. S\u00e9curit\u00e9 des donn\u00e9es \u00e0 caract\u00e8re personnel<\/h3><p data-start=\"3422\" data-end=\"3593\">Nous prenons les mesures techniques et organisationnelles appropri\u00e9es pour pr\u00e9venir tout abus, perte, acc\u00e8s non autoris\u00e9 et autres actions ind\u00e9sirables concernant les donn\u00e9es \u00e0 caract\u00e8re personnel.<\/p><h3 data-section-id=\"1uuf22j\" data-start=\"3600\" data-end=\"3616\">10. Plaintes<\/h3><p data-start=\"3618\" data-end=\"3766\">Vous avez une plainte concernant le traitement de vos donn\u00e9es \u00e0 caract\u00e8re personnel ? Vous avez alors le droit de d\u00e9poser une plainte aupr\u00e8s d&rsquo;une autorit\u00e9 de contr\u00f4le. <\/p><p data-start=\"3768\" data-end=\"3983\">Puisque Drinks4ALL GmbH est \u00e9tablie en Allemagne, vous pouvez vous adresser \u00e0 l&rsquo;autorit\u00e9 de contr\u00f4le allemande comp\u00e9tente. Pour notre site en Rh\u00e9nanie-du-Nord-Westphalie, il s&rsquo;agit de la <span class=\"hover:entity-accent entity-underline inline cursor-pointer align-baseline\"><span class=\"whitespace-normal\">Landesbeauftragte f\u00fcr Datenschutz und Informationsfreiheit Nordrhein-Westfalen<\/span><\/span>. <\/p><p data-start=\"3985\" data-end=\"4121\">Vous pouvez \u00e9galement contacter une autorit\u00e9 de contr\u00f4le dans le pays o\u00f9 vous \u00eates \u00e9tabli ou dans celui o\u00f9 l&rsquo;infraction pr\u00e9sum\u00e9e a eu lieu.<\/p><h3 data-section-id=\"1w4czur\" data-start=\"4128\" data-end=\"4147\">11. Modifications<\/h3><p data-start=\"4149\" data-end=\"4331\">Nous nous r\u00e9servons le droit de modifier cette d\u00e9claration de confidentialit\u00e9. Nous vous recommandons de consulter r\u00e9guli\u00e8rement cette page afin de rester inform\u00e9 d&rsquo;\u00e9ventuelles modifications. <\/p>\t\t\t\t\t\t\t\t<\/div>\n\t\t\t\t<\/div>\n\t\t\t\t\t<\/div>\n\t\t\t\t<\/div>\n\t\t\t\t<\/div>\n\t\t","protected":false},"excerpt":{"rendered":"<p>D\u00e9claration de confidentialit\u00e9 de Drinks4ALL GmbH 1. Qui sommes-nous Drinks4ALL GmbH est responsable du traitement des donn\u00e9es \u00e0 caract\u00e8re personnel tel qu&rsquo;indiqu\u00e9 dans la pr\u00e9sente d\u00e9claration de confidentialit\u00e9. Donn\u00e9es de l&rsquo;entreprise :Drinks4ALL GmbHMillenerweg 5152538 SelfkantAllemagne T\u00e9l\u00e9phone : +31(0)655599922E-mail : info@drinks4all.eu 2. Donn\u00e9es \u00e0 caract\u00e8re personnel que nous traitons Nous traitons des donn\u00e9es \u00e0 caract\u00e8re personnel [&hellip;]<\/p>\n","protected":false},"author":1,"featured_media":0,"parent":0,"menu_order":0,"comment_status":"closed","ping_status":"open","template":"","meta":{"inline_featured_image":false,"footnotes":""},"class_list":["post-485","page","type-page","status-publish","hentry"],"_links":{"self":[{"href":"https:\/\/drinks4all.eu\/fr\/wp-json\/wp\/v2\/pages\/485","targetHints":{"allow":["GET"]}}],"collection":[{"href":"https:\/\/drinks4all.eu\/fr\/wp-json\/wp\/v2\/pages"}],"about":[{"href":"https:\/\/drinks4all.eu\/fr\/wp-json\/wp\/v2\/types\/page"}],"author":[{"embeddable":true,"href":"https:\/\/drinks4all.eu\/fr\/wp-json\/wp\/v2\/users\/1"}],"replies":[{"embeddable":true,"href":"https:\/\/drinks4all.eu\/fr\/wp-json\/wp\/v2\/comments?post=485"}],"version-history":[{"count":1,"href":"https:\/\/drinks4all.eu\/fr\/wp-json\/wp\/v2\/pages\/485\/revisions"}],"predecessor-version":[{"id":486,"href":"https:\/\/drinks4all.eu\/fr\/wp-json\/wp\/v2\/pages\/485\/revisions\/486"}],"wp:attachment":[{"href":"https:\/\/drinks4all.eu\/fr\/wp-json\/wp\/v2\/media?parent=485"}],"curies":[{"name":"wp","href":"https:\/\/api.w.org\/{rel}","templated":true}]}}