{"id":460,"date":"2026-04-03T10:52:44","date_gmt":"2026-04-03T08:52:44","guid":{"rendered":"https:\/\/drinks4all.eu\/mentions-legales\/"},"modified":"2026-04-03T11:24:17","modified_gmt":"2026-04-03T09:24:17","slug":"mentions-legales","status":"publish","type":"page","link":"https:\/\/drinks4all.eu\/fr\/mentions-legales\/","title":{"rendered":"Mentions l\u00e9gales"},"content":{"rendered":"\t\t<div data-elementor-type=\"wp-page\" data-elementor-id=\"460\" class=\"elementor elementor-460 elementor-418\" data-elementor-post-type=\"page\">\n\t\t\t\t<div class=\"elementor-element elementor-element-d8605ae e-flex e-con-boxed e-con e-parent\" data-id=\"d8605ae\" data-element_type=\"container\" data-e-type=\"container\">\n\t\t\t\t\t<div class=\"e-con-inner\">\n\t\t\t\t<div class=\"elementor-element elementor-element-8f44e77 elementor-widget elementor-widget-text-editor\" data-id=\"8f44e77\" data-element_type=\"widget\" data-e-type=\"widget\" data-widget_type=\"text-editor.default\">\n\t\t\t\t<div class=\"elementor-widget-container\">\n\t\t\t\t\t\t\t\t\t<h2 data-section-id=\"1yv3gvy\" data-start=\"324\" data-end=\"336\">Mentions l\u00e9gales<\/h2><h3 data-section-id=\"x1vj2\" data-start=\"338\" data-end=\"363\">Informations conform\u00e9ment au \u00a7 5 de la TMG<\/h3><p data-start=\"365\" data-end=\"430\">Drinks4ALL GmbH<br data-start=\"380\" data-end=\"383\">Millenerweg 51<br data-start=\"397\" data-end=\"400\">52538 Selfkant<br data-start=\"414\" data-end=\"417\">Allemagne<\/p><p data-start=\"432\" data-end=\"487\">T\u00e9l\u00e9phone : +31(0)655599922<br data-start=\"456\" data-end=\"459\">E-mail : <a class=\"decorated-link cursor-pointer\" rel=\"noopener\" data-start=\"467\" data-end=\"485\">info@drinks4all.eu<\/a><\/p><h3 data-section-id=\"wh0jlf\" data-start=\"494\" data-end=\"513\">Repr\u00e9sent\u00e9 par<\/h3><p data-start=\"515\" data-end=\"547\">G\u00e9rant : Chad Hoeppe<\/p><h3 data-section-id=\"1k1vfti\" data-start=\"554\" data-end=\"573\">Registre du commerce<\/h3><p data-start=\"575\" data-end=\"673\">Inscrit au registre du commerce<br data-start=\"605\" data-end=\"608\">Tribunal d\u2019enregistrement : Amtsgericht Aachen<br data-start=\"643\" data-end=\"646\">Num\u00e9ro d\u2019enregistrement : HRB 27248<\/p><h3 data-section-id=\"1q5q4zm\" data-start=\"680\" data-end=\"699\">N\u00b0 de TVA intracommunautaire<\/h3><p data-start=\"701\" data-end=\"784\">Num\u00e9ro d\u2019identification fiscale conform\u00e9ment au \u00a7 27 a de la loi relative \u00e0 la taxe sur le chiffre d\u2019affaires :<br data-start=\"768\" data-end=\"771\">DE370109341<\/p><h3 data-section-id=\"1af1pps\" data-start=\"791\" data-end=\"811\">D\u00e9claration d\u2019activit\u00e9<\/h3><p data-start=\"813\" data-end=\"873\">D\u00e9claration d\u2019activit\u00e9 conform\u00e9ment au \u00a7 14 de la GewO<br data-start=\"845\" data-end=\"848\">Num\u00e9ro d\u2019entreprise : 05370024<\/p><h3 data-section-id=\"1dfvktt\" data-start=\"880\" data-end=\"935\">Responsable du contenu selon le \u00a7 55 al. 2 de la RStV<\/h3><p data-start=\"937\" data-end=\"1002\">Chad Hoeppe<br data-start=\"952\" data-end=\"955\">Millenerweg 51<br data-start=\"969\" data-end=\"972\">52538 Selfkant<br data-start=\"986\" data-end=\"989\">Allemagne<\/p><h3 data-section-id=\"11oh8ug\" data-start=\"1009\" data-end=\"1033\">R\u00e8glement des litiges de l\u2019UE<\/h3><p data-start=\"1035\" data-end=\"1161\">La Commission europ\u00e9enne fournit une plateforme de r\u00e8glement des litiges en ligne (OS) :<br data-start=\"1123\" data-end=\"1126\"><a class=\"decorated-link cursor-pointer\" target=\"_new\" rel=\"noopener\" data-start=\"1126\" data-end=\"1161\">https:\/\/ec.europa.eu\/consumers\/odr\/<\/a><\/p><p data-start=\"1163\" data-end=\"1214\">Vous trouverez notre adresse e-mail ci-dessus dans les mentions l\u00e9gales.<\/p><h3 data-section-id=\"19zav1i\" data-start=\"1221\" data-end=\"1281\">R\u00e8glement des litiges de consommation \/ Organisme de conciliation universel<\/h3><p data-start=\"1283\" data-end=\"1411\">Nous ne sommes ni oblig\u00e9s ni dispos\u00e9s \u00e0 participer \u00e0 une proc\u00e9dure de r\u00e8glement des litiges devant un conseil de conciliation des consommateurs.<\/p>\t\t\t\t\t\t\t\t<\/div>\n\t\t\t\t<\/div>\n\t\t\t\t\t<\/div>\n\t\t\t\t<\/div>\n\t\t\t\t<\/div>\n\t\t","protected":false},"excerpt":{"rendered":"<p>Mentions l\u00e9gales Informations conform\u00e9ment au \u00a7 5 de la TMG Drinks4ALL GmbHMillenerweg 5152538 SelfkantAllemagne T\u00e9l\u00e9phone : +31(0)655599922E-mail : info@drinks4all.eu Repr\u00e9sent\u00e9 par G\u00e9rant : Chad Hoeppe Registre du commerce Inscrit au registre du commerceTribunal d\u2019enregistrement : Amtsgericht AachenNum\u00e9ro d\u2019enregistrement : HRB 27248 N\u00b0 de TVA intracommunautaire Num\u00e9ro d\u2019identification fiscale conform\u00e9ment au \u00a7 27 a de la [&hellip;]<\/p>\n","protected":false},"author":1,"featured_media":0,"parent":0,"menu_order":0,"comment_status":"closed","ping_status":"closed","template":"","meta":{"inline_featured_image":false,"footnotes":""},"class_list":["post-460","page","type-page","status-publish","hentry"],"_links":{"self":[{"href":"https:\/\/drinks4all.eu\/fr\/wp-json\/wp\/v2\/pages\/460","targetHints":{"allow":["GET"]}}],"collection":[{"href":"https:\/\/drinks4all.eu\/fr\/wp-json\/wp\/v2\/pages"}],"about":[{"href":"https:\/\/drinks4all.eu\/fr\/wp-json\/wp\/v2\/types\/page"}],"author":[{"embeddable":true,"href":"https:\/\/drinks4all.eu\/fr\/wp-json\/wp\/v2\/users\/1"}],"replies":[{"embeddable":true,"href":"https:\/\/drinks4all.eu\/fr\/wp-json\/wp\/v2\/comments?post=460"}],"version-history":[{"count":1,"href":"https:\/\/drinks4all.eu\/fr\/wp-json\/wp\/v2\/pages\/460\/revisions"}],"predecessor-version":[{"id":461,"href":"https:\/\/drinks4all.eu\/fr\/wp-json\/wp\/v2\/pages\/460\/revisions\/461"}],"wp:attachment":[{"href":"https:\/\/drinks4all.eu\/fr\/wp-json\/wp\/v2\/media?parent=460"}],"curies":[{"name":"wp","href":"https:\/\/api.w.org\/{rel}","templated":true}]}}